{"id":2,"date":"2015-01-18T15:24:14","date_gmt":"2015-01-18T15:24:14","guid":{"rendered":"http:\/\/premierecompagnie.net\/wp\/?page_id=2"},"modified":"2021-10-13T18:36:06","modified_gmt":"2021-10-13T18:36:06","slug":"page-d-exemple","status":"publish","type":"page","link":"https:\/\/premierecompagnie.net\/?page_id=2","title":{"rendered":"A propos de la premi\u00e8re compagnie"},"content":{"rendered":"<p>Depuis 1976, la 1\u00e8re compagnie de tir&nbsp; \u00e0 l&rsquo;arc de Lens propose l<strong>a pratique du tir \u00e0 l&rsquo;arc<\/strong> en loisir ou en comp\u00e9tition aux habitants des alentours.<\/p>\n<p>Depuis janvier 2017, vous pouvez aussi pratiquer <strong>la sarbacane.<\/strong><\/p>\n<p>Son pas de tir est situ\u00e9 dans l&rsquo;\u00e9cole \u00e9l\u00e9mentaire Pasteur, cit\u00e9 des provinces, square Nogueres \u00e0 Lens pr\u00e8s de la fosse du 11\/19 \u00e0 1 km du Louvre-Lens.<\/p>\n<p>Elle accueille aussi des archers handicap\u00e9s mentaux ou physiques.<\/p>\n<p>Association loi 1901 d\u00e9clar\u00e9e en sous pr\u00e9fecture de Lens sous le n\u00b0W627000736<\/p>\n<p>Agr\u00e9\u00e9e Jeunesse et Sport n\u00b0 62 SP 602<\/p>\n<p>SIREN n\u00b0 449 349 042<\/p>\n<p>UFOLEP n\u00b0 62498047<\/p>\n<p>Sport Adapt\u00e9 n\u00b0 62\/41<\/p>\n","protected":false},"excerpt":{"rendered":"<p>Depuis 1976, la 1\u00e8re compagnie de tir&nbsp; \u00e0 l&rsquo;arc de Lens propose la pratique du tir \u00e0 l&rsquo;arc en loisir ou en comp\u00e9tition aux habitants des alentours. Depuis janvier 2017, vous pouvez aussi pratiquer la sarbacane. Son pas de tir est situ\u00e9 dans l&rsquo;\u00e9cole \u00e9l\u00e9mentaire Pasteur, cit\u00e9 des provinces, square Nogueres \u00e0 Lens pr\u00e8s de [&hellip;]<\/p>\n","protected":false},"author":1,"featured_media":0,"parent":0,"menu_order":0,"comment_status":"closed","ping_status":"open","template":"","meta":{"_mc_calendar":[],"footnotes":""},"class_list":["post-2","page","type-page","status-publish","hentry"],"_links":{"self":[{"href":"https:\/\/premierecompagnie.net\/index.php?rest_route=\/wp\/v2\/pages\/2","targetHints":{"allow":["GET"]}}],"collection":[{"href":"https:\/\/premierecompagnie.net\/index.php?rest_route=\/wp\/v2\/pages"}],"about":[{"href":"https:\/\/premierecompagnie.net\/index.php?rest_route=\/wp\/v2\/types\/page"}],"author":[{"embeddable":true,"href":"https:\/\/premierecompagnie.net\/index.php?rest_route=\/wp\/v2\/users\/1"}],"replies":[{"embeddable":true,"href":"https:\/\/premierecompagnie.net\/index.php?rest_route=%2Fwp%2Fv2%2Fcomments&post=2"}],"version-history":[{"count":9,"href":"https:\/\/premierecompagnie.net\/index.php?rest_route=\/wp\/v2\/pages\/2\/revisions"}],"predecessor-version":[{"id":1168,"href":"https:\/\/premierecompagnie.net\/index.php?rest_route=\/wp\/v2\/pages\/2\/revisions\/1168"}],"wp:attachment":[{"href":"https:\/\/premierecompagnie.net\/index.php?rest_route=%2Fwp%2Fv2%2Fmedia&parent=2"}],"curies":[{"name":"wp","href":"https:\/\/api.w.org\/{rel}","templated":true}]}}